{"id":5011,"date":"2019-01-07T08:49:55","date_gmt":"2019-01-07T08:49:55","guid":{"rendered":"https:\/\/demo.ovatheme.com\/muzze\/?page_id=3"},"modified":"2024-02-28T13:12:01","modified_gmt":"2024-02-28T12:12:01","slug":"privacy-policy-2","status":"publish","type":"page","link":"https:\/\/mostratasso.csy.it\/site\/privacy-policy-2\/","title":{"rendered":"Privacy Policy"},"content":{"rendered":"\t\t<div data-elementor-type=\"wp-page\" data-elementor-id=\"5011\" class=\"elementor elementor-5011\">\n\t\t\t\t<div class=\"elementor-element elementor-element-2711ff50 e-flex e-con-boxed e-con e-parent\" data-id=\"2711ff50\" data-element_type=\"container\" data-settings=\"{&quot;content_width&quot;:&quot;boxed&quot;}\" data-core-v316-plus=\"true\">\n\t\t\t\t\t<div class=\"e-con-inner\">\n\t\t\t\t<div class=\"elementor-element elementor-element-38b69351 elementor-widget elementor-widget-text-editor\" data-id=\"38b69351\" data-element_type=\"widget\" data-widget_type=\"text-editor.default\">\n\t\t\t\t<div class=\"elementor-widget-container\">\n\t\t\t<style>\/*! elementor - v3.19.0 - 07-02-2024 *\/\n.elementor-widget-text-editor.elementor-drop-cap-view-stacked .elementor-drop-cap{background-color:#69727d;color:#fff}.elementor-widget-text-editor.elementor-drop-cap-view-framed .elementor-drop-cap{color:#69727d;border:3px solid;background-color:transparent}.elementor-widget-text-editor:not(.elementor-drop-cap-view-default) .elementor-drop-cap{margin-top:8px}.elementor-widget-text-editor:not(.elementor-drop-cap-view-default) .elementor-drop-cap-letter{width:1em;height:1em}.elementor-widget-text-editor .elementor-drop-cap{float:left;text-align:center;line-height:1;font-size:50px}.elementor-widget-text-editor .elementor-drop-cap-letter{display:inline-block}<\/style>\t\t\t\t<!-- wp:heading -->\n<p>In questa pagina si descrivono le modalit\u00e0 di gestione del sito <strong>https:\/\/mostratasso.csy.it\/<\/strong>\u00a0in riferimento al trattamento dei dati personali degli utenti che lo consultano.<\/p>\n<!-- \/wp:paragraph --><!-- wp:heading -->\n<p>Il Liceo Ginnasio Torquato Tasso ha a cuore la privacy e la sicurezza dei dati personali dei suoi utenti; per questo si adopera affinch\u00e9 i dati personali raccolti dalla Scuola siano trattati nel rispetto della normativa privacy vigente.<\/p>\n<h5>1\u00a0\u00a0\u00a0\u00a0\u00a0\u00a0 Definizioni<\/h5>\n<p>\u00ab<u>Dato personale<\/u>\u00bb: qualsiasi informazione riguardante una persona fisica identificata o identificabile (\u00abInteressato\u00bb); si considera identificabile la persona fisica che pu\u00f2 essere identificata, direttamente o indirettamente, con particolare riferimento a un identificativo come il nome, un numero di identificazione, dati relativi all&#8217;ubicazione, un identificativo online o a uno o pi\u00f9 elementi caratteristici della sua identit\u00e0 fisica, fisiologica, genetica, psichica, economica, culturale o sociale;<\/p>\n<p>\u00ab<u>Interessato<\/u>\u00bb: persona fisica cui si riferiscono i dati personali;<\/p>\n<p>\u00ab<u>Responsabile del trattamento<\/u>\u00bb: la persona fisica o giuridica, l&#8217;autorit\u00e0 pubblica, il servizio o altro organismo che tratta dati personali per conto del titolare del trattamento;<\/p>\n<p>\u00ab<u>Titolare del trattamento<\/u>\u00bb: la persona fisica o giuridica, l&#8217;autorit\u00e0 pubblica, il servizio o altro organismo che, singolarmente o insieme ad altri, determina le finalit\u00e0 e i mezzi del trattamento di dati personali; quando le finalit\u00e0 e i mezzi di tale trattamento sono determinati dal diritto dell&#8217;Unione o degli Stati membri, il titolare del trattamento o i criteri specifici applicabili alla sua designazione possono essere stabiliti dal diritto dell&#8217;Unione o degli Stati membri;<\/p>\n<p>\u00ab<u>Trattamento<\/u>\u00bb: qualsiasi operazione o insieme di operazioni, compiute con o senza l&#8217;ausilio di processi automatizzati e applicate a dati personali o insiemi di dati personali, come la raccolta, la registrazione, l&#8217;organizzazione, la strutturazione, la conservazione, l&#8217;adattamento o la modifica, l&#8217;estrazione, la consultazione, l&#8217;uso, la comunicazione mediante trasmissione, diffusione o qualsiasi altra forma di messa a disposizione, il raffronto o l&#8217;interconnessione, la limitazione, la cancellazione o la distruzione.<\/p>\n<h5>2\u00a0\u00a0\u00a0\u00a0\u00a0\u00a0 Dati del Titolare del Trattamento<\/h5>\n<p>Il Titolare del trattamento \u00e8 Liceo Ginnasio Torquato Tasso con sede legale in Via Sicilia 168, Roma, Codice Fiscale e Partita IVA 80401470580 e-mail dpo@maioralabs.it<\/p>\n<h6><a name=\"_Toc85129469\"><\/a>3\u00a0\u00a0\u00a0\u00a0\u00a0\u00a0 Tipologia di Dati Personali e finalit\u00e0<\/h6>\n<p>La scuola Tasso ospiter\u00e0, per un periodo di tempo determinato, una mostra di beni archeologici e consentir\u00e0 l\u2019accesso all\u2019evento solo alle persone munite di biglietto (ticket). Acquisisce i Dati Personali degli interessati al fine di adempiere correttamente agli obblighi contrattuali derivanti dall\u2019attivit\u00e0 di prenotazione dell\u2019ingresso alla mostra mediante ticket.<\/p>\n<p><u>L\u2019unico dato acquisito \u00e8 l\u2019indirizzo e-mail di chi prenota.<\/u><\/p>\n<h5>4\u00a0\u00a0\u00a0\u00a0\u00a0\u00a0 Base giuridica del trattamento<\/h5>\n<p>I dati personali raccolti sono trattati sulla base giuridica:<\/p>\n<ul>\n<li>Articolo 6 par. 1b del Regolamento UE 2016\/679 per l\u2019esecuzione del contratto.<\/li>\n<\/ul>\n<h5><a name=\"_Toc85129470\"><\/a>5\u00a0\u00a0\u00a0\u00a0\u00a0\u00a0 Modalit\u00e0 di acquisizione e conservazione dei dati<\/h5>\n<p>I Dati Personali sono acquisiti direttamente presso l\u2019interessato, attraverso la compilazione dell\u2019apposito form online.<\/p>\n<p>I Dati Personali sono trattati in modo lecito e sono utilizzati solo per le finalit\u00e0 indicate al paragrafo precedente. Il trattamento avverr\u00e0 mediante strumenti idonei a garantire la sicurezza e la riservatezza e con strumenti parzialmente o totalmente automatizzati atti a gestire e trasmettere i dati stessi, sia su supporto cartaceo, sia informatico.<\/p>\n<p>Sono adottate specifiche misure di sicurezza per prevenire la perdita dei dati e contenere i rischi di usi illeciti o non corretti e accessi non autorizzati. Tuttavia, \u00e8 necessario che l\u2019Interessato utilizzi dispositivi dotati di strumenti a tal fine idonei (come, ad es., antivirus aggiornati e connessione internet che garantisca la trasmissione dei dati attraverso firewalls, filtri antispamming, etc.).<\/p>\n<h5><a name=\"_Toc85129471\"><\/a>6\u00a0\u00a0\u00a0\u00a0\u00a0\u00a0 Obbligo e necessit\u00e0 di conferimento<\/h5>\n<p>Il conferimento dei Dati Personali da parte dell\u2019interessato \u00e8 obbligatorio e necessario per poter prendere parte all\u2019evento.<\/p>\n<p>In caso di rifiuto del conferimento dei Dati da parte dell\u2019interessato, la Scuola non potr\u00e0 rilasciare ticket di ingresso alla mostra.<\/p>\n<h5><a name=\"_Toc85129476\"><\/a>7\u00a0\u00a0\u00a0\u00a0\u00a0\u00a0 Periodo di conservazione dei dati<\/h5>\n<p>Liceo Ginnasio Torquato Tasso conserva i dati personali limitatamente al tempo necessario per l\u2019esecuzione del contratto con l\u2019utente.<\/p>\n<h5>8\u00a0\u00a0\u00a0\u00a0\u00a0\u00a0 Titolari autonomi, Responsabili del trattamento e Destinatari dei Dati Personali<\/h5>\n<p>Oltre al Titolare del Trattamento e i soggetti alle sue dipendenze dallo stesso autorizzati formalmente, i Dati Personali dell\u2019Interessato possono essere trattati da soggetti esterni operanti in qualit\u00e0 di Responsabili del trattamento quali, titolo esemplificativo ma non esaustivo, imprese che offrono servizi per la gestione del sito.<\/p>\n<p>I Destinatari dei Dati Personali dell\u2019Interessato potranno essere l\u2019Autorit\u00e0 Giudiziaria o Amministrativa, o soggetti specificatamente indicati e autorizzati dalla Legge, cui debbano essere comunicati per l\u2019adempimento di specifici obblighi normativi.<\/p>\n<h5>9\u00a0\u00a0\u00a0\u00a0\u00a0\u00a0 Diritti dell\u2019Interessato e reclamo all\u2019Autorit\u00e0 di Controllo<\/h5>\n<p>L\u2019Interessato, ai sensi degli artt. 15, 16, 17, 18, 19, 20 e 21 del Regolamento UE 679\/2016, ha diritto di:<\/p>\n<ul>\n<li>Ottenere a conferma che sia o meno in corso un trattamento di dati personali che lo riguardano, ottenere l\u2019accesso ai dati che lo riguardano, ottenere una copia dei dati che lo riguardano e ottenere informazioni sul trattamento;<\/li>\n<li>Rettificare i dati inesatti che lo riguardano;<\/li>\n<li>Ottenere la cancellazione dei dati personali che lo riguardano;<\/li>\n<li>Ottenere la limitazione al trattamento dei dati personali che lo riguardano negli specifici casi elencati nell\u2019articolo 18 del Regolamento UE 2016\/679;<\/li>\n<li>Ottenere la portabilit\u00e0 dei dati personali che lo riguardano;<\/li>\n<li>Opporsi al trattamento di dati personali che lo riguardano sulle basi giuridiche del consenso e dell\u2019interesse pubblico.<\/li>\n<\/ul>\n<p>Il contatto di riferimento per esercitare i diritti \u00e8 dpo@maioralabs.it.<\/p>\n<h5>10\u00a0\u00a0\u00a0 Modifiche alla Privacy Policy<\/h5>\n<p>La presente Privacy Policy potrebbe essere modificata, anche in conseguenza di mutamenti legislativi o regolamentari, evoluzioni tecnologiche e prestazione di nuovi servizi o modificazione di quelli gi\u00e0 resi. Si invita pertanto l\u2019utente \/ visitatore \/ cliente a consultare periodicamente la Privacy Policy di Tasso.<\/p>\n<h5>11\u00a0\u00a0\u00a0 Cookies<\/h5>\n<p>Consulta la <a href=\"https:\/\/mostratasso.csy.it\/site\/cookie-policy-ue\/\">Cookie Policy<\/a><\/p>\n<p>\u00a0<\/p>\n<p>\u00a0<\/p>\n<!-- \/wp:heading -->\t\t\t\t\t\t<\/div>\n\t\t\t\t<\/div>\n\t\t\t\t\t<\/div>\n\t\t\t\t<\/div>\n\t\t\t\t<\/div>\n\t\t","protected":false},"excerpt":{"rendered":"<p>In questa pagina si descrivono le modalit\u00e0 di gestione del sito https:\/\/mostratasso.csy.it\/\u00a0in riferimento al trattamento dei dati personali degli utenti che lo consultano. Il Liceo Ginnasio Torquato Tasso ha a cuore la privacy e la sicurezza dei dati personali dei suoi utenti; per questo si adopera affinch\u00e9 i dati personali raccolti dalla Scuola siano trattati [&hellip;]<\/p>\n","protected":false},"author":2,"featured_media":0,"parent":0,"menu_order":0,"comment_status":"closed","ping_status":"open","template":"","meta":{"footnotes":""},"class_list":["post-5011","page","type-page","status-publish","hentry"],"_links":{"self":[{"href":"https:\/\/mostratasso.csy.it\/site\/wp-json\/wp\/v2\/pages\/5011","targetHints":{"allow":["GET"]}}],"collection":[{"href":"https:\/\/mostratasso.csy.it\/site\/wp-json\/wp\/v2\/pages"}],"about":[{"href":"https:\/\/mostratasso.csy.it\/site\/wp-json\/wp\/v2\/types\/page"}],"author":[{"embeddable":true,"href":"https:\/\/mostratasso.csy.it\/site\/wp-json\/wp\/v2\/users\/2"}],"replies":[{"embeddable":true,"href":"https:\/\/mostratasso.csy.it\/site\/wp-json\/wp\/v2\/comments?post=5011"}],"version-history":[{"count":6,"href":"https:\/\/mostratasso.csy.it\/site\/wp-json\/wp\/v2\/pages\/5011\/revisions"}],"predecessor-version":[{"id":5591,"href":"https:\/\/mostratasso.csy.it\/site\/wp-json\/wp\/v2\/pages\/5011\/revisions\/5591"}],"wp:attachment":[{"href":"https:\/\/mostratasso.csy.it\/site\/wp-json\/wp\/v2\/media?parent=5011"}],"curies":[{"name":"wp","href":"https:\/\/api.w.org\/{rel}","templated":true}]}}