{"id":133,"date":"2019-01-14T04:25:27","date_gmt":"2019-01-14T04:25:27","guid":{"rendered":"https:\/\/demo.ovatheme.com\/muzze\/?page_id=133"},"modified":"2024-03-15T14:42:34","modified_gmt":"2024-03-15T13:42:34","slug":"progetto-mostra-tasso","status":"publish","type":"page","link":"https:\/\/mostratasso.csy.it\/site\/progetto-mostra-tasso\/","title":{"rendered":"Il nostro progetto"},"content":{"rendered":"\t\t<div data-elementor-type=\"wp-post\" data-elementor-id=\"133\" class=\"elementor elementor-133\">\n\t\t\t\t\t\t<section class=\"elementor-section elementor-top-section elementor-element elementor-element-87b6ee7 elementor-section-full_width elementor-section-height-default elementor-section-height-default\" data-id=\"87b6ee7\" data-element_type=\"section\">\n\t\t\t\t\t\t<div class=\"elementor-container elementor-column-gap-default\">\n\t\t\t\t\t<div class=\"elementor-column elementor-col-100 elementor-top-column elementor-element elementor-element-96fa290\" data-id=\"96fa290\" data-element_type=\"column\" data-settings=\"{&quot;background_background&quot;:&quot;classic&quot;}\">\n\t\t\t<div class=\"elementor-widget-wrap elementor-element-populated\">\n\t\t\t\t\t\t<div class=\"elementor-element elementor-element-62bd1ae elementor-widget elementor-widget-ova_heading_page\" data-id=\"62bd1ae\" data-element_type=\"widget\" data-widget_type=\"ova_heading_page.default\">\n\t\t\t\t<div class=\"elementor-widget-container\">\n\t\t\t\n\t\t<section class=\"heading-page\" style=\"background-image: url(https:\/\/mostratasso.csy.it\/site\/wp-content\/uploads\/2024\/03\/GLZ_9038-2-scaled.jpg)\" >\n\t\t\t<div class=\"container\">\n\t\t\t\t<div class=\"cta-content\">\n\t\t\t\t\t\t\t\t\t\t\t<h2 class=\"second_font\">Il ritmo della vita degli uomini<\/h2>\n\t\t\t\t\t\t\t\t\t\t\n\t\t\t\t<\/div>\n\t\t\t<\/div>\n\t\t<\/section>\n\n\t\t\t<\/div>\n\t\t\t\t<\/div>\n\t\t\t\t\t<\/div>\n\t\t<\/div>\n\t\t\t\t\t<\/div>\n\t\t<\/section>\n\t\t\t\t<section class=\"elementor-section elementor-top-section elementor-element elementor-element-ac5a5bd elementor-section-boxed elementor-section-height-default elementor-section-height-default\" data-id=\"ac5a5bd\" data-element_type=\"section\">\n\t\t\t\t\t\t<div class=\"elementor-container elementor-column-gap-default\">\n\t\t\t\t\t<div class=\"elementor-column elementor-col-100 elementor-top-column elementor-element elementor-element-d4501c6\" data-id=\"d4501c6\" data-element_type=\"column\">\n\t\t\t<div class=\"elementor-widget-wrap elementor-element-populated\">\n\t\t\t\t\t\t<div class=\"elementor-element elementor-element-8d4591e elementor-widget elementor-widget-ova_heading\" data-id=\"8d4591e\" data-element_type=\"widget\" data-widget_type=\"ova_heading.default\">\n\t\t\t\t<div class=\"elementor-widget-container\">\n\t\t\t\t\t<div class=\"ova_heading\">\n\t\t\t\t\t\t\t<h1 class=\"heading_title second_font\">Il nostro progetto<\/h1>\n\t\t\t\t\t\t\t\t<\/div>\n\t\t\t\t<\/div>\n\t\t\t\t<\/div>\n\t\t\t\t<div class=\"elementor-element elementor-element-059a9fd line-height-32 elementor-widget elementor-widget-text-editor\" data-id=\"059a9fd\" data-element_type=\"widget\" data-widget_type=\"text-editor.default\">\n\t\t\t\t<div class=\"elementor-widget-container\">\n\t\t\t<style>\/*! elementor - v3.19.0 - 07-02-2024 *\/\n.elementor-widget-text-editor.elementor-drop-cap-view-stacked .elementor-drop-cap{background-color:#69727d;color:#fff}.elementor-widget-text-editor.elementor-drop-cap-view-framed .elementor-drop-cap{color:#69727d;border:3px solid;background-color:transparent}.elementor-widget-text-editor:not(.elementor-drop-cap-view-default) .elementor-drop-cap{margin-top:8px}.elementor-widget-text-editor:not(.elementor-drop-cap-view-default) .elementor-drop-cap-letter{width:1em;height:1em}.elementor-widget-text-editor .elementor-drop-cap{float:left;text-align:center;line-height:1;font-size:50px}.elementor-widget-text-editor .elementor-drop-cap-letter{display:inline-block}<\/style>\t\t\t\t<div align=\"justify\">\n<span style=\"color: #888888;\">Il progetto nasce dalla collaborazione del Liceo Tasso con la Direzione generale Musei del Ministero della Cultura.<\/span>\t\t\t\t\t\t<\/div>\n\t\t\t\t<\/div>\n\t\t\t\t\t<\/div>\n\t\t<\/div>\n\t\t\t\t\t<\/div>\n\t\t<\/section>\n\t\t\t\t<section class=\"elementor-section elementor-top-section elementor-element elementor-element-1a5bffd elementor-section-boxed elementor-section-height-default elementor-section-height-default\" data-id=\"1a5bffd\" data-element_type=\"section\">\n\t\t\t\t\t\t<div class=\"elementor-container elementor-column-gap-default\">\n\t\t\t\t\t<div class=\"elementor-column elementor-col-100 elementor-top-column elementor-element elementor-element-dd3b581\" data-id=\"dd3b581\" data-element_type=\"column\">\n\t\t\t<div class=\"elementor-widget-wrap elementor-element-populated\">\n\t\t\t\t\t\t<div class=\"elementor-element elementor-element-fbdef15 line-height-32 elementor-widget elementor-widget-text-editor\" data-id=\"fbdef15\" data-element_type=\"widget\" data-widget_type=\"text-editor.default\">\n\t\t\t\t<div class=\"elementor-widget-container\">\n\t\t\t\t\t\t\t<div class=\"elementor-element elementor-element-b0b0302 e-flex e-con-boxed e-con e-parent\" data-id=\"b0b0302\" data-element_type=\"container\" data-settings=\"{&quot;content_width&quot;:&quot;boxed&quot;}\" data-core-v316-plus=\"true\"><div class=\"e-con-inner\">\u00a0<\/div><\/div><section class=\"elementor-section elementor-top-section elementor-element elementor-element-2c4b2a31 elementor-section-boxed elementor-section-height-default elementor-section-height-default\" data-id=\"2c4b2a31\" data-element_type=\"section\"><div class=\"elementor-container elementor-column-gap-default\"><div class=\"elementor-column elementor-col-100 elementor-top-column elementor-element elementor-element-73babcb\" data-id=\"73babcb\" data-element_type=\"column\"><div class=\"elementor-widget-wrap elementor-element-populated\"><div class=\"elementor-element elementor-element-3ca0739c elementor-widget elementor-widget-text-editor\" data-id=\"3ca0739c\" data-element_type=\"widget\" data-widget_type=\"text-editor.default\"><div class=\"elementor-widget-container\"><div align=\"justify\"><p>Il progetto nasce dalla collaborazione del Liceo Tasso con la Direzione generale Musei del Ministero della Cultura. La proposta \u00e8 stata sottoposta agli studenti dal Direttore generale, professor Massimo Osanna, in occasione di un incontro sulla storia degli scavi del sito archeologico di Pompei fino alle ultime scoperte.<br \/>Una progettualit\u00e0 frutto della convinzione che l\u2019educazione, in una societ\u00e0 complessa come la nostra, debba porre al centro del percorso di apprendimento non solo i \u00absaperi\u00bb e debba basarsi sulla capacit\u00e0 di collaborazione sinergica tra le Istituzioni e il mondo della scuola.<\/p><p><strong>LICEO TASSO<\/strong><\/p><p>Il Liceo, istituito nel 1887, annovera tra i suoi studenti nomi illustri della cultura, dello spettacolo, della politica ed ha sempre rappresentato un sicuro punto di riferimento nel panorama scolastico non solo romano, ma dell\u2019intero Paese. Attualmente la scuola, sia per la sua ubicazione strategica al centro della citt\u00e0, sia per il prestigio acquisito in oltre cento anni di attivit\u00e0, costituisce un significativo polo di aggregazione socio-culturale.<\/p><p>La missione del Liceo Tasso \u00e8 quella di offrire agli allievi un ambiente di apprendimento rispondente ai bisogni formativi, accompagnandoli nel percorso di crescita individuale.<br \/>La scuola si propone\u00a0 come un laboratorio di ricerca aperto alle sollecitazioni della realt\u00e0 esterna, promotore di sperimentazione e di innovazione.<\/p><p><strong>LA PRIMA ESPOSIZIONE DI REPERTI IN UN LICEO<\/strong><\/p><p>\u00c8 la prima volta che un Liceo accoglie un\u2019esposizione di reperti e ne fa propria la catalogazione, la descrizione, la contestualizzazione \u201cletteraria\u201d, la presentazione e la divulgazione dei contenuti oggetto di approfondimento da parte degli studenti.<br \/>La mostra racconta la vita quotidiana nel mondo antico.<br \/>Si tratta di un\u2019opportunit\u00e0 eccezionale per la sua unicit\u00e0, per la portata culturale e l\u2019efficacia comunicativa che, gi\u00e0 in nuce, la caratterizzano.<br \/>Esposti reperti recuperati dagli USA a cura del Comando dei Carabinieri per la Tutela del Patrimonio Culturale, ora giacenti nei depositi del Museo Nazionale Romano.<br \/>Si tratta di anfore, crateri, kylikes, lekythoi (esempi di ceramica attica o etrusca a figure nere o rosse) antefisse, balsamari, piatti.<\/p><p>I ragazzi sono a scuola per imparare ma, anche e soprattutto, per crescere, per diventare protagonisti del loro futuro, per sviluppare iniziativa e creativit\u00e0 e metterle alla prova, sperimentando la padronanza di s\u00e9, dai propri sentimenti, del vivere insieme.<br \/>La scuola \u00e8 il luogo in cui gli allievi fanno i conti con la propria storia e le proprie radici, si appassionano all\u2019arte, alla letteratura, alla scienza, disegnando il cammino del proprio domani.<\/p><p>I reperti sono esposti all\u2019interno di teche e raccontati attraverso pannelli descrittivi realizzati dagli studenti, tradotti in inglese.<br \/>Il valore aggiunto \u00e8 costituito dalla \u00abcontestualizzazione letteraria\u00bb.<\/p><p>Per tutti i materiali \u00e8 utilizzata carta riciclata e si \u00e8 data priorit\u00e0 agli strumenti multimediali: realt\u00e0 aumentata immersiva, podcast\u00a0\u2013 video e un\u00a0 catalogo\u00a0multimediale interattivo.<\/p><p>Sono organizzate visite guidate aperte alle altre scuole e alla cittadinanza tutta, a cura degli studenti,\u00a0 in orari pomeridiani ed extra scolastici.<\/p><p><strong>FINALIT\u00c0 DEL PROGETTO<\/strong><\/p><p>La scuola come ambiente di apprendimento atto a soddisfare le esigenze cognitive degli studenti, tenendo conto anche delle trasformazioni presenti e future della societ\u00e0.<\/p><p><strong>Apprendimento attivo \u2013\u00a0<em>learning by doing<\/em>\u00a0<\/strong>in cui l\u2019alunno \u00e8 al centro del processo di apprendimento, coinvolgendolo in prima persona e stimolando il suo spirito di iniziativa.<\/p><p><strong>Nuovi modelli di didattica\u00a0<\/strong>che promuovano l\u2019apprendimento partecipativo, agevolando la comunicazione e lo sviluppo delle competenze trasversali e preparino al mondo del lavoro.<\/p><p><strong>Modello virtuoso di collaborazione\u00a0<\/strong>tra scuola, Istituzioni e aziende per promuovere la valorizzazione degli studi classici, l\u2019avvicinamento dei giovani alla cultura e la riscoperta del patrimonio culturale attraverso modalit\u00e0 innovative.<\/p><\/div><\/div><\/div><\/div><\/div><\/div><\/section>\t\t\t\t\t\t<\/div>\n\t\t\t\t<\/div>\n\t\t\t\t\t<\/div>\n\t\t<\/div>\n\t\t\t\t\t<\/div>\n\t\t<\/section>\n\t\t\t\t<\/div>\n\t\t","protected":false},"excerpt":{"rendered":"<p>Il ritmo della vita degli uomini Il nostro progetto Il progetto nasce dalla collaborazione del Liceo Tasso con la Direzione generale Musei del Ministero della Cultura.\u00a0 Il progetto nasce dalla collaborazione del Liceo Tasso con la Direzione generale Musei del Ministero della Cultura. La proposta \u00e8 stata sottoposta agli studenti dal Direttore generale, professor Massimo [&hellip;]<\/p>\n","protected":false},"author":2,"featured_media":0,"parent":0,"menu_order":0,"comment_status":"closed","ping_status":"closed","template":"elementor_header_footer","meta":{"footnotes":""},"class_list":["post-133","page","type-page","status-publish","hentry"],"_links":{"self":[{"href":"https:\/\/mostratasso.csy.it\/site\/wp-json\/wp\/v2\/pages\/133","targetHints":{"allow":["GET"]}}],"collection":[{"href":"https:\/\/mostratasso.csy.it\/site\/wp-json\/wp\/v2\/pages"}],"about":[{"href":"https:\/\/mostratasso.csy.it\/site\/wp-json\/wp\/v2\/types\/page"}],"author":[{"embeddable":true,"href":"https:\/\/mostratasso.csy.it\/site\/wp-json\/wp\/v2\/users\/2"}],"replies":[{"embeddable":true,"href":"https:\/\/mostratasso.csy.it\/site\/wp-json\/wp\/v2\/comments?post=133"}],"version-history":[{"count":37,"href":"https:\/\/mostratasso.csy.it\/site\/wp-json\/wp\/v2\/pages\/133\/revisions"}],"predecessor-version":[{"id":5890,"href":"https:\/\/mostratasso.csy.it\/site\/wp-json\/wp\/v2\/pages\/133\/revisions\/5890"}],"wp:attachment":[{"href":"https:\/\/mostratasso.csy.it\/site\/wp-json\/wp\/v2\/media?parent=133"}],"curies":[{"name":"wp","href":"https:\/\/api.w.org\/{rel}","templated":true}]}}